{"id":1813,"date":"2023-01-25T15:53:28","date_gmt":"2023-01-25T15:53:28","guid":{"rendered":"https:\/\/codigolingua.com\/traduccion\/"},"modified":"2023-02-28T11:22:50","modified_gmt":"2023-02-28T11:22:50","slug":"traduccion","status":"publish","type":"page","link":"https:\/\/codigolingua.com\/en\/traduccion\/","title":{"rendered":"Translation"},"content":{"rendered":"<section class=\"wpb-content-wrapper\">[vc_row css=&#8221;.vc_custom_1675946661905{padding-top: 5% !important;padding-right: 10% !important;padding-bottom: 3% !important;padding-left: 10% !important;}&#8221;][vc_column][vc_column_text]\n<h1 class=\"uppercase\" style=\"text-align: center;\"><span style=\"font-size: 140%;\" data-text-color=\"primary\">TRANSLATION<\/span><\/h1>\n[\/vc_column_text][vc_empty_space height=&#8221;35px&#8221;][vc_separator color=&#8221;custom&#8221; border_width=&#8221;3&#8243; el_width=&#8221;30&#8243; accent_color=&#8221;#333c87&#8243;][vc_empty_space height=&#8221;35px&#8221;][vc_row_inner gap=&#8221;25&#8243;][vc_column_inner width=&#8221;1\/2&#8243;][vc_single_image image=&#8221;1759&#8243; img_size=&#8221;large&#8221; add_caption=&#8221;yes&#8221;][\/vc_column_inner][vc_column_inner width=&#8221;1\/2&#8243;][vc_column_text]\n<p style=\"text-align: justify;\">The process we follow at C\u00f3digo Lingua for translations begins when we receive the text and we assess its complexity or speciality, format and delivery deadline.<\/p>\n<p style=\"text-align: justify;\">We assign it to the translator who best matches the profile of the text, both in terms of language combination and field of expertise.<\/p>\n<p style=\"text-align: justify;\">The translator, who always translates into his or her mother tongue, translates the text and then carries out a thorough revision. Finally, the translation is delivered to the client in the agreed format and by the agreed deadline.<\/p>\n[\/vc_column_text][\/vc_column_inner][\/vc_row_inner][vc_empty_space height=&#8221;35px&#8221;][\/vc_column][\/vc_row][vc_row css=&#8221;.vc_custom_1674811714372{padding-top: 3% !important;padding-right: 5% !important;padding-bottom: 5% !important;padding-left: 5% !important;background-color: #f2f2f2 !important;}&#8221;][vc_column][vc_row_inner css=&#8221;.vc_custom_1673882387484{padding-bottom: 3% !important;}&#8221;][vc_column_inner width=&#8221;1\/6&#8243;][\/vc_column_inner][vc_column_inner width=&#8221;2\/3&#8243;][vc_column_text]\n<h4 style=\"text-align: center;\"><span style=\"font-size: 140%;\" data-text-color=\"primary\">We offer translation services in the main languages for the following areas:<\/span><\/h4>\n[\/vc_column_text][vc_empty_space height=&#8221;35px&#8221;][\/vc_column_inner][vc_column_inner width=&#8221;1\/6&#8243;][\/vc_column_inner][\/vc_row_inner][vc_row_inner gap=&#8221;30&#8243;][vc_column_inner width=&#8221;1\/3&#8243;][vc_icon icon_fontawesome=&#8221;fas fa-balance-scale&#8221; color=&#8221;custom&#8221; size=&#8221;lg&#8221; align=&#8221;center&#8221; custom_color=&#8221;#333c87&#8243;][vc_separator color=&#8221;custom&#8221; accent_color=&#8221;#333c87&#8243;][vc_column_text css=&#8221;.vc_custom_1677516056156{padding-top: 3% !important;padding-right: 3% !important;padding-bottom: 3% !important;padding-left: 3% !important;background-color: #e8e8e8 !important;}&#8221;]\n<h4 class=\"uppercase\" style=\"text-align: center;\"><span style=\"font-size: 95%;\">LEGAL<\/span><\/h4>\n[\/vc_column_text][vc_column_text css=&#8221;.vc_custom_1677583261816{padding-top: 5% !important;padding-right: 5% !important;padding-bottom: 5% !important;padding-left: 5% !important;}&#8221;]Contracts, agreements, insurance policies, national and international regulations and legislation.[\/vc_column_text][\/vc_column_inner][vc_column_inner width=&#8221;1\/3&#8243;][vc_icon icon_fontawesome=&#8221;fas fa-coins&#8221; color=&#8221;custom&#8221; size=&#8221;lg&#8221; align=&#8221;center&#8221; custom_color=&#8221;#333c87&#8243;][vc_separator color=&#8221;custom&#8221; accent_color=&#8221;#333c87&#8243;][vc_column_text css=&#8221;.vc_custom_1677516102584{padding-top: 3% !important;padding-right: 3% !important;padding-bottom: 3% !important;padding-left: 3% !important;background-color: #e8e8e8 !important;}&#8221;]\n<h4 class=\"uppercase\" style=\"text-align: center;\"><span style=\"font-size: 95%;\">BUSINESS AND FINANCIAL<br \/>\n<\/span><\/h4>\n[\/vc_column_text][vc_column_text css=&#8221;.vc_custom_1677516135013{padding-top: 5% !important;padding-right: 5% !important;padding-bottom: 5% !important;padding-left: 5% !important;}&#8221;]Reports, minutes, presentations. Specialised texts from the banking sector.[\/vc_column_text][\/vc_column_inner][vc_column_inner width=&#8221;1\/3&#8243;][vc_icon icon_fontawesome=&#8221;fas fa-book-open&#8221; color=&#8221;custom&#8221; size=&#8221;lg&#8221; align=&#8221;center&#8221; custom_color=&#8221;#333c87&#8243;][vc_separator color=&#8221;custom&#8221; accent_color=&#8221;#333c87&#8243;][vc_column_text css=&#8221;.vc_custom_1677516163502{padding-top: 3% !important;padding-right: 3% !important;padding-bottom: 3% !important;padding-left: 3% !important;background-color: #e8e8e8 !important;}&#8221;]\n<h4 class=\"uppercase\" style=\"text-align: center;\"><span style=\"font-size: 95%;\">ARTICLES<br \/>\n<\/span><\/h4>\n[\/vc_column_text][vc_column_text css=&#8221;.vc_custom_1677516190867{padding-top: 5% !important;padding-right: 5% !important;padding-bottom: 5% !important;padding-left: 5% !important;}&#8221;]Scientific and informative articles, publications.[\/vc_column_text][\/vc_column_inner][\/vc_row_inner][vc_row_inner gap=&#8221;30&#8243;][vc_column_inner width=&#8221;1\/3&#8243;][vc_icon icon_fontawesome=&#8221;fas fa-university&#8221; color=&#8221;custom&#8221; size=&#8221;lg&#8221; align=&#8221;center&#8221; custom_color=&#8221;#333c87&#8243;][vc_separator color=&#8221;custom&#8221; accent_color=&#8221;#333c87&#8243;][vc_column_text css=&#8221;.vc_custom_1677516212465{padding-top: 3% !important;padding-right: 3% !important;padding-bottom: 3% !important;padding-left: 3% !important;background-color: #e8e8e8 !important;}&#8221;]\n<h4 class=\"uppercase\" style=\"text-align: center;\"><span style=\"font-size: 95%;\">INSTITUTIONAL<\/span><\/h4>\n[\/vc_column_text][vc_column_text css=&#8221;.vc_custom_1677583272042{padding-top: 5% !important;padding-right: 5% !important;padding-bottom: 5% !important;padding-left: 5% !important;}&#8221;]Reports, communications and publications from various national and international ministries and public bodies.[\/vc_column_text][\/vc_column_inner][vc_column_inner width=&#8221;1\/3&#8243;][vc_icon icon_fontawesome=&#8221;fas fa-tty&#8221; color=&#8221;custom&#8221; size=&#8221;lg&#8221; align=&#8221;center&#8221; custom_color=&#8221;#333c87&#8243;][vc_separator color=&#8221;custom&#8221; accent_color=&#8221;#333c87&#8243;][vc_column_text css=&#8221;.vc_custom_1677516267352{padding-top: 3% !important;padding-right: 3% !important;padding-bottom: 3% !important;padding-left: 3% !important;background-color: #e8e8e8 !important;}&#8221;]\n<h4 class=\"uppercase\" style=\"text-align: center;\"><span style=\"font-size: 95%;\">SALES AND MARKETING<\/span><\/h4>\n[\/vc_column_text][vc_column_text css=&#8221;.vc_custom_1677583278608{padding-top: 5% !important;padding-right: 5% !important;padding-bottom: 5% !important;padding-left: 5% !important;}&#8221;]Presentations and product descriptions, online marketing.[\/vc_column_text][\/vc_column_inner][vc_column_inner width=&#8221;1\/3&#8243;][vc_icon icon_fontawesome=&#8221;fas fa-leaf&#8221; color=&#8221;custom&#8221; size=&#8221;lg&#8221; align=&#8221;center&#8221; custom_color=&#8221;#333c87&#8243;][vc_separator color=&#8221;custom&#8221; accent_color=&#8221;#333c87&#8243;][vc_column_text css=&#8221;.vc_custom_1674840040893{padding-top: 3% !important;padding-right: 3% !important;padding-bottom: 3% !important;padding-left: 3% !important;background-color: #e8e8e8 !important;}&#8221;]\n<h4 class=\"uppercase\" style=\"text-align: center;\"><span style=\"font-size: 95%;\">Social <\/span><\/h4>\n[\/vc_column_text][vc_column_text css=&#8221;.vc_custom_1677583285712{padding-top: 5% !important;padding-right: 5% !important;padding-bottom: 5% !important;padding-left: 5% !important;}&#8221;]\n<p style=\"text-align: justify;\">Texts related to migration, asylum and refuge, gender-based violence, development cooperation, victims of terrorism.<\/p>\n[\/vc_column_text][\/vc_column_inner][\/vc_row_inner][vc_row_inner css=&#8221;.vc_custom_1673882387484{padding-bottom: 3% !important;}&#8221;][vc_column_inner][vc_empty_space height=&#8221;35px&#8221;][\/vc_column_inner][\/vc_row_inner][\/vc_column][\/vc_row][vc_row css=&#8221;.vc_custom_1674760281831{padding-top: 5% !important;padding-right: 5% !important;padding-left: 5% !important;background-image: url(http:\/\/codigolingua.com\/wp-content\/uploads\/2023\/01\/traduccion-simultanea.jpg?id=261) !important;}&#8221;][vc_column][vc_row_inner css=&#8221;.vc_custom_1673882387484{padding-bottom: 3% !important;}&#8221;][vc_column_inner width=&#8221;1\/6&#8243;][\/vc_column_inner][vc_column_inner width=&#8221;2\/3&#8243;][vc_column_text]\n<h1 class=\"uppercase\" style=\"text-align: center;\"><span style=\"font-size: 140%;\" data-text-color=\"primary\"><span data-text-color=\"success\">WE WORK NATIONALLY AND INTERNATIONALLY<\/span><\/span><\/h1>\n[\/vc_column_text][vc_empty_space][vc_column_text]\n<h2><span data-text-color=\"success\">C\u00f3digo Lingua is based in Valencia and offers its services nationally and internationally. Quote within 24 hours.<br \/>\n<\/span><\/h2>\n<h2><span data-text-color=\"success\">We cover various language combinations, from the most common ones, such as English, Spanish, French, German, Italian, Valencian\/Catalan, to less common ones such as Arabic, Russian or Turkish.<br \/>\n<\/span><\/h2>\n<h2 style=\"text-align: justify;\"><\/h2>\n[\/vc_column_text][vc_empty_space][vc_empty_space][vc_btn title=&#8221;QUOTE IN 24 HOURS&#8221; style=&#8221;outline&#8221; shape=&#8221;square&#8221; color=&#8221;white&#8221; size=&#8221;lg&#8221; align=&#8221;center&#8221; css_animation=&#8221;fadeIn&#8221; button_block=&#8221;true&#8221; link=&#8221;url:https%3A%2F%2Fcodigolingua.com%2Fen%2Fcontacto%2F|title:Contact|target:_blank&#8221;][vc_empty_space][\/vc_column_inner][vc_column_inner width=&#8221;1\/6&#8243;][\/vc_column_inner][\/vc_row_inner][\/vc_column][\/vc_row]\n<\/section>","protected":false},"excerpt":{"rendered":"[vc_row css=&#8221;.vc_custom_1675946661905{padding-top: 5% !important;padding-right: 10% !important;padding-bottom: 3% !important;padding-left: 10% !important;}&#8221;][vc_column][vc_column_text] TRANSLATION [\/vc_column_text][vc_empty_space height=&#8221;35px&#8221;][vc_separator color=&#8221;custom&#8221; border_width=&#8221;3&#8243; el_width=&#8221;30&#8243; accent_color=&#8221;#333c87&#8243;][vc_empty_space height=&#8221;35px&#8221;][vc_row_inner gap=&#8221;25&#8243;][vc_column_inner width=&#8221;1\/2&#8243;][vc_single_image image=&#8221;1759&#8243; img_size=&#8221;large&#8221; add_caption=&#8221;yes&#8221;][\/vc_column_inner][vc_column_inner width=&#8221;1\/2&#8243;][vc_column_text] The process we follow at C\u00f3digo Lingua for translations begins when we receive the text and we assess its complexity or speciality, format and delivery deadline. We assign it to the [&#8230;]\n","protected":false},"author":1,"featured_media":1760,"parent":0,"menu_order":0,"comment_status":"closed","ping_status":"closed","template":"page-blank.php","meta":{"footnotes":""},"class_list":["post-1813","page","type-page","status-publish","has-post-thumbnail","hentry"],"yoast_head":"<!-- This site is optimized with the Yoast SEO plugin v24.2 - https:\/\/yoast.com\/wordpress\/plugins\/seo\/ -->\n<title>Traductores e int\u00e9rpretes de idiomas<\/title>\n<meta name=\"description\" content=\"Servicios de traducci\u00f3n especializada en ingl\u00e9s, alem\u00e1n, franc\u00e9s, ruso, chino, etc. Traducci\u00f3n jur\u00eddica, financiera, institucional y de marketing\" \/>\n<meta name=\"robots\" content=\"index, follow, max-snippet:-1, max-image-preview:large, max-video-preview:-1\" \/>\n<link rel=\"canonical\" href=\"https:\/\/codigolingua.com\/en\/traduccion\/\" \/>\n<meta property=\"og:locale\" content=\"en_US\" \/>\n<meta property=\"og:type\" content=\"article\" \/>\n<meta property=\"og:title\" content=\"Traductores e int\u00e9rpretes de idiomas\" \/>\n<meta property=\"og:description\" content=\"Servicios de traducci\u00f3n especializada en ingl\u00e9s, alem\u00e1n, franc\u00e9s, ruso, chino, etc. Traducci\u00f3n jur\u00eddica, financiera, institucional y de marketing\" \/>\n<meta property=\"og:url\" content=\"https:\/\/codigolingua.com\/en\/traduccion\/\" \/>\n<meta property=\"og:site_name\" content=\"C\u00f3digo Lingua\" \/>\n<meta property=\"article:modified_time\" content=\"2023-02-28T11:22:50+00:00\" \/>\n<meta property=\"og:image\" content=\"http:\/\/codigolingua.com\/wp-content\/uploads\/2023\/01\/traduccion.jpg\" \/>\n\t<meta property=\"og:image:width\" content=\"900\" \/>\n\t<meta property=\"og:image:height\" content=\"506\" \/>\n\t<meta property=\"og:image:type\" content=\"image\/jpeg\" \/>\n<meta name=\"twitter:card\" content=\"summary_large_image\" \/>\n<meta name=\"twitter:label1\" content=\"Est. reading time\" \/>\n\t<meta name=\"twitter:data1\" content=\"3 minutes\" \/>\n<script type=\"application\/ld+json\" class=\"yoast-schema-graph\">{\"@context\":\"https:\/\/schema.org\",\"@graph\":[{\"@type\":\"WebPage\",\"@id\":\"https:\/\/codigolingua.com\/en\/traduccion\/\",\"url\":\"https:\/\/codigolingua.com\/en\/traduccion\/\",\"name\":\"Traductores e int\u00e9rpretes de idiomas\",\"isPartOf\":{\"@id\":\"https:\/\/codigolingua.com\/en\/#website\"},\"primaryImageOfPage\":{\"@id\":\"https:\/\/codigolingua.com\/en\/traduccion\/#primaryimage\"},\"image\":{\"@id\":\"https:\/\/codigolingua.com\/en\/traduccion\/#primaryimage\"},\"thumbnailUrl\":\"https:\/\/codigolingua.com\/wp-content\/uploads\/2023\/01\/traduccion.jpg\",\"datePublished\":\"2023-01-25T15:53:28+00:00\",\"dateModified\":\"2023-02-28T11:22:50+00:00\",\"description\":\"Servicios de traducci\u00f3n especializada en ingl\u00e9s, alem\u00e1n, franc\u00e9s, ruso, chino, etc. Traducci\u00f3n jur\u00eddica, financiera, institucional y de marketing\",\"breadcrumb\":{\"@id\":\"https:\/\/codigolingua.com\/en\/traduccion\/#breadcrumb\"},\"inLanguage\":\"en-US\",\"potentialAction\":[{\"@type\":\"ReadAction\",\"target\":[\"https:\/\/codigolingua.com\/en\/traduccion\/\"]}]},{\"@type\":\"ImageObject\",\"inLanguage\":\"en-US\",\"@id\":\"https:\/\/codigolingua.com\/en\/traduccion\/#primaryimage\",\"url\":\"https:\/\/codigolingua.com\/wp-content\/uploads\/2023\/01\/traduccion.jpg\",\"contentUrl\":\"https:\/\/codigolingua.com\/wp-content\/uploads\/2023\/01\/traduccion.jpg\",\"width\":900,\"height\":506},{\"@type\":\"BreadcrumbList\",\"@id\":\"https:\/\/codigolingua.com\/en\/traduccion\/#breadcrumb\",\"itemListElement\":[{\"@type\":\"ListItem\",\"position\":1,\"name\":\"Portada\",\"item\":\"https:\/\/codigolingua.com\/en\/\"},{\"@type\":\"ListItem\",\"position\":2,\"name\":\"Translation\"}]},{\"@type\":\"WebSite\",\"@id\":\"https:\/\/codigolingua.com\/en\/#website\",\"url\":\"https:\/\/codigolingua.com\/en\/\",\"name\":\"C\u00f3digo Lingua\",\"description\":\"Traductores e int\u00e9rpretes en Valencia\",\"potentialAction\":[{\"@type\":\"SearchAction\",\"target\":{\"@type\":\"EntryPoint\",\"urlTemplate\":\"https:\/\/codigolingua.com\/en\/?s={search_term_string}\"},\"query-input\":{\"@type\":\"PropertyValueSpecification\",\"valueRequired\":true,\"valueName\":\"search_term_string\"}}],\"inLanguage\":\"en-US\"}]}<\/script>\n<!-- \/ Yoast SEO plugin. -->","yoast_head_json":{"title":"Traductores e int\u00e9rpretes de idiomas","description":"Servicios de traducci\u00f3n especializada en ingl\u00e9s, alem\u00e1n, franc\u00e9s, ruso, chino, etc. Traducci\u00f3n jur\u00eddica, financiera, institucional y de marketing","robots":{"index":"index","follow":"follow","max-snippet":"max-snippet:-1","max-image-preview":"max-image-preview:large","max-video-preview":"max-video-preview:-1"},"canonical":"https:\/\/codigolingua.com\/en\/traduccion\/","og_locale":"en_US","og_type":"article","og_title":"Traductores e int\u00e9rpretes de idiomas","og_description":"Servicios de traducci\u00f3n especializada en ingl\u00e9s, alem\u00e1n, franc\u00e9s, ruso, chino, etc. Traducci\u00f3n jur\u00eddica, financiera, institucional y de marketing","og_url":"https:\/\/codigolingua.com\/en\/traduccion\/","og_site_name":"C\u00f3digo Lingua","article_modified_time":"2023-02-28T11:22:50+00:00","og_image":[{"width":900,"height":506,"url":"http:\/\/codigolingua.com\/wp-content\/uploads\/2023\/01\/traduccion.jpg","type":"image\/jpeg"}],"twitter_card":"summary_large_image","twitter_misc":{"Est. reading time":"3 minutes"},"schema":{"@context":"https:\/\/schema.org","@graph":[{"@type":"WebPage","@id":"https:\/\/codigolingua.com\/en\/traduccion\/","url":"https:\/\/codigolingua.com\/en\/traduccion\/","name":"Traductores e int\u00e9rpretes de idiomas","isPartOf":{"@id":"https:\/\/codigolingua.com\/en\/#website"},"primaryImageOfPage":{"@id":"https:\/\/codigolingua.com\/en\/traduccion\/#primaryimage"},"image":{"@id":"https:\/\/codigolingua.com\/en\/traduccion\/#primaryimage"},"thumbnailUrl":"https:\/\/codigolingua.com\/wp-content\/uploads\/2023\/01\/traduccion.jpg","datePublished":"2023-01-25T15:53:28+00:00","dateModified":"2023-02-28T11:22:50+00:00","description":"Servicios de traducci\u00f3n especializada en ingl\u00e9s, alem\u00e1n, franc\u00e9s, ruso, chino, etc. Traducci\u00f3n jur\u00eddica, financiera, institucional y de marketing","breadcrumb":{"@id":"https:\/\/codigolingua.com\/en\/traduccion\/#breadcrumb"},"inLanguage":"en-US","potentialAction":[{"@type":"ReadAction","target":["https:\/\/codigolingua.com\/en\/traduccion\/"]}]},{"@type":"ImageObject","inLanguage":"en-US","@id":"https:\/\/codigolingua.com\/en\/traduccion\/#primaryimage","url":"https:\/\/codigolingua.com\/wp-content\/uploads\/2023\/01\/traduccion.jpg","contentUrl":"https:\/\/codigolingua.com\/wp-content\/uploads\/2023\/01\/traduccion.jpg","width":900,"height":506},{"@type":"BreadcrumbList","@id":"https:\/\/codigolingua.com\/en\/traduccion\/#breadcrumb","itemListElement":[{"@type":"ListItem","position":1,"name":"Portada","item":"https:\/\/codigolingua.com\/en\/"},{"@type":"ListItem","position":2,"name":"Translation"}]},{"@type":"WebSite","@id":"https:\/\/codigolingua.com\/en\/#website","url":"https:\/\/codigolingua.com\/en\/","name":"C\u00f3digo Lingua","description":"Traductores e int\u00e9rpretes en Valencia","potentialAction":[{"@type":"SearchAction","target":{"@type":"EntryPoint","urlTemplate":"https:\/\/codigolingua.com\/en\/?s={search_term_string}"},"query-input":{"@type":"PropertyValueSpecification","valueRequired":true,"valueName":"search_term_string"}}],"inLanguage":"en-US"}]}},"_links":{"self":[{"href":"https:\/\/codigolingua.com\/en\/wp-json\/wp\/v2\/pages\/1813","targetHints":{"allow":["GET"]}}],"collection":[{"href":"https:\/\/codigolingua.com\/en\/wp-json\/wp\/v2\/pages"}],"about":[{"href":"https:\/\/codigolingua.com\/en\/wp-json\/wp\/v2\/types\/page"}],"author":[{"embeddable":true,"href":"https:\/\/codigolingua.com\/en\/wp-json\/wp\/v2\/users\/1"}],"replies":[{"embeddable":true,"href":"https:\/\/codigolingua.com\/en\/wp-json\/wp\/v2\/comments?post=1813"}],"version-history":[{"count":5,"href":"https:\/\/codigolingua.com\/en\/wp-json\/wp\/v2\/pages\/1813\/revisions"}],"predecessor-version":[{"id":1851,"href":"https:\/\/codigolingua.com\/en\/wp-json\/wp\/v2\/pages\/1813\/revisions\/1851"}],"wp:featuredmedia":[{"embeddable":true,"href":"https:\/\/codigolingua.com\/en\/wp-json\/wp\/v2\/media\/1760"}],"wp:attachment":[{"href":"https:\/\/codigolingua.com\/en\/wp-json\/wp\/v2\/media?parent=1813"}],"curies":[{"name":"wp","href":"https:\/\/api.w.org\/{rel}","templated":true}]}}